{"id":111,"date":"2018-04-11T00:35:17","date_gmt":"2018-04-10T22:35:17","guid":{"rendered":"http:\/\/goethehausmeknes.1telligenceweb.com\/?page_id=111"},"modified":"2018-04-13T02:29:33","modified_gmt":"2018-04-13T00:29:33","slug":"anglais","status":"publish","type":"page","link":"http:\/\/www.goethehausmeknes.com\/?page_id=111","title":{"rendered":"ANGLAIS"},"content":{"rendered":"<p><strong>Pourquoi apprendre l\u2019anglais\u00a0 au Centre Goethe-Haus ?<\/strong><br \/>\nPrendre des cours d\u2019anglais est ainsi devenu le moyen d\u2019atteindre plusieurs objectifs : pr\u00e9parer des examens, progresser au sein d&rsquo;une\u00a0 entreprise, acc\u00e9der plus facilement \u00e0 des informations (via des sites ou des journaux r\u00e9dig\u00e9s en anglais), voyager plus facilement\u2026<\/p>\n<p>Les raisons derri\u00e8res l\u2019apprentissage de l\u2019anglais sont multiples. Ce sont vos motivations qui doivent vous aider \u00e0 choisir le cours d\u2019anglais\u00a0 au Centre de Langues Goethe-Haus-Mekn\u00e8s qui correspond le mieux \u00e0 vos attentes et \u00e0 vos besoins.<\/p>\n<p>T\u00e9l\u00e9charger ce document pour plus d&rsquo;information :\u00a0<a href=\"http:\/\/goethehausmeknes.com\/images\/sampledata\/fichiers\/Departement%20de%20langue%20Anglaise.pdf\" target=\"_blank\" rel=\"noopener\">Cliquez-ici<\/a><\/p>\n","protected":false},"excerpt":{"rendered":"<p>Pourquoi apprendre l\u2019anglais\u00a0 au Centre Goethe-Haus ? Prendre des cours d\u2019anglais est ainsi devenu le moyen d\u2019atteindre plusieurs objectifs : pr\u00e9parer des examens, progresser au sein d&rsquo;une\u00a0 entreprise, acc\u00e9der plus facilement \u00e0 des informations (via des sites ou des journaux r\u00e9dig\u00e9s en anglais), voyager plus facilement\u2026 Les raisons derri\u00e8res l\u2019apprentissage de l\u2019anglais sont multiples. Ce&hellip;<\/p>\n","protected":false},"author":1,"featured_media":133,"parent":103,"menu_order":2,"comment_status":"closed","ping_status":"closed","template":"","meta":[],"_links":{"self":[{"href":"http:\/\/www.goethehausmeknes.com\/index.php?rest_route=\/wp\/v2\/pages\/111"}],"collection":[{"href":"http:\/\/www.goethehausmeknes.com\/index.php?rest_route=\/wp\/v2\/pages"}],"about":[{"href":"http:\/\/www.goethehausmeknes.com\/index.php?rest_route=\/wp\/v2\/types\/page"}],"author":[{"embeddable":true,"href":"http:\/\/www.goethehausmeknes.com\/index.php?rest_route=\/wp\/v2\/users\/1"}],"replies":[{"embeddable":true,"href":"http:\/\/www.goethehausmeknes.com\/index.php?rest_route=%2Fwp%2Fv2%2Fcomments&post=111"}],"version-history":[{"count":1,"href":"http:\/\/www.goethehausmeknes.com\/index.php?rest_route=\/wp\/v2\/pages\/111\/revisions"}],"predecessor-version":[{"id":117,"href":"http:\/\/www.goethehausmeknes.com\/index.php?rest_route=\/wp\/v2\/pages\/111\/revisions\/117"}],"up":[{"embeddable":true,"href":"http:\/\/www.goethehausmeknes.com\/index.php?rest_route=\/wp\/v2\/pages\/103"}],"wp:featuredmedia":[{"embeddable":true,"href":"http:\/\/www.goethehausmeknes.com\/index.php?rest_route=\/wp\/v2\/media\/133"}],"wp:attachment":[{"href":"http:\/\/www.goethehausmeknes.com\/index.php?rest_route=%2Fwp%2Fv2%2Fmedia&parent=111"}],"curies":[{"name":"wp","href":"https:\/\/api.w.org\/{rel}","templated":true}]}}