{"id":120,"date":"2018-04-09T00:45:35","date_gmt":"2018-04-08T22:45:35","guid":{"rendered":"http:\/\/goethehausmeknes.1telligenceweb.com\/?page_id=120"},"modified":"2018-04-13T02:29:56","modified_gmt":"2018-04-13T00:29:56","slug":"espanole","status":"publish","type":"page","link":"http:\/\/www.goethehausmeknes.com\/?page_id=120","title":{"rendered":"ESPANOLE"},"content":{"rendered":"<p>Goethe-Haus\u00a0est une acad\u00e9mie d\u2019enseignement des langues \u00e9trang\u00e8res par excellence. Elle a ouvert ses portes depuis bien longtemps et, le nombre d\u2019\u00e9l\u00e8ves, de diff\u00e9rentes conditions,\u00a0\u00a0\u00a0n\u2019a cess\u00e9 de s\u2019accro\u00eetre. Cela est d\u00fb \u00e0 son fonctionnement efficace<\/p>\n<p>aussi bien sur le plan administratif que p\u00e9dagogique\u00a0; l\u2019\u00e9quipe administrative dirig\u00e9e par monsieur Lhassane ASLOUN, professeur d\u2019allemand et Directeur G\u00e9n\u00e9ral de la m\u00eame acad\u00e9mie,a toujours fait preuve d\u2019une grande efficacit\u00e9 au niveau de l\u2019organisation et de la gestion des affaires administratives. Dans le m\u00eame sens, les\u00a0\u00a0professeurs de langues\u00a0qui exercent \u00e0\u00a0GOETHE HAUS\u00a0\u00a0se\u00a0distinguent par\u00a0\u00a0la qualit\u00e9 de l\u2019enseignement qu\u2019ils dispensent.<\/p>\n<p>Parmi les d\u00e9partements qui int\u00e8grent l\u2019acad\u00e9mie GOETHE-HAUS, figure celui\u00a0\u00a0de la langue espagnole. Il a \u00e9t\u00e9 cr\u00e9e pour satisfaire une constante demande de l\u2019apprentissage de la langue de CERVANTES. La normalisation et l\u2019am\u00e9lioration des relations bilat\u00e9rales entre le Maroc et l\u2019Espagne d\u2019une part, et l\u2019implantation de plusieurs entreprises espagnoles- n\u00e9cessitant d\u2019une main d\u2019\u0153uvre hispanophone- dans notre pays\u00a0d\u2019autre part, ont incit\u00e9 un large public de marocains \u00e0 s\u2019y inscrire pour l\u2019apprentissage et la ma\u00eetrise de l\u2019espagnol.<\/p>\n<p>T\u00e9l\u00e9charger ce document pour plus d&rsquo;information :\u00a0<a href=\"http:\/\/goethehausmeknes.com\/images\/sampledata\/fichiers\/Departement%20de%20langue%20Espanole.pdf\" target=\"_blank\" rel=\"noopener\">Cliquez-ici<\/a><\/p>\n","protected":false},"excerpt":{"rendered":"<p>Goethe-Haus\u00a0est une acad\u00e9mie d\u2019enseignement des langues \u00e9trang\u00e8res par excellence. Elle a ouvert ses portes depuis bien longtemps et, le nombre d\u2019\u00e9l\u00e8ves, de diff\u00e9rentes conditions,\u00a0\u00a0\u00a0n\u2019a cess\u00e9 de s\u2019accro\u00eetre. Cela est d\u00fb \u00e0 son fonctionnement efficace aussi bien sur le plan administratif que p\u00e9dagogique\u00a0; l\u2019\u00e9quipe administrative dirig\u00e9e par monsieur Lhassane ASLOUN, professeur d\u2019allemand et Directeur G\u00e9n\u00e9ral de&hellip;<\/p>\n","protected":false},"author":1,"featured_media":138,"parent":103,"menu_order":4,"comment_status":"closed","ping_status":"closed","template":"","meta":[],"_links":{"self":[{"href":"http:\/\/www.goethehausmeknes.com\/index.php?rest_route=\/wp\/v2\/pages\/120"}],"collection":[{"href":"http:\/\/www.goethehausmeknes.com\/index.php?rest_route=\/wp\/v2\/pages"}],"about":[{"href":"http:\/\/www.goethehausmeknes.com\/index.php?rest_route=\/wp\/v2\/types\/page"}],"author":[{"embeddable":true,"href":"http:\/\/www.goethehausmeknes.com\/index.php?rest_route=\/wp\/v2\/users\/1"}],"replies":[{"embeddable":true,"href":"http:\/\/www.goethehausmeknes.com\/index.php?rest_route=%2Fwp%2Fv2%2Fcomments&post=120"}],"version-history":[{"count":1,"href":"http:\/\/www.goethehausmeknes.com\/index.php?rest_route=\/wp\/v2\/pages\/120\/revisions"}],"predecessor-version":[{"id":121,"href":"http:\/\/www.goethehausmeknes.com\/index.php?rest_route=\/wp\/v2\/pages\/120\/revisions\/121"}],"up":[{"embeddable":true,"href":"http:\/\/www.goethehausmeknes.com\/index.php?rest_route=\/wp\/v2\/pages\/103"}],"wp:featuredmedia":[{"embeddable":true,"href":"http:\/\/www.goethehausmeknes.com\/index.php?rest_route=\/wp\/v2\/media\/138"}],"wp:attachment":[{"href":"http:\/\/www.goethehausmeknes.com\/index.php?rest_route=%2Fwp%2Fv2%2Fmedia&parent=120"}],"curies":[{"name":"wp","href":"https:\/\/api.w.org\/{rel}","templated":true}]}}